{"id":15,"date":"2026-02-03T20:38:32","date_gmt":"2026-02-03T20:38:32","guid":{"rendered":"https:\/\/www.ingrid-gorr.de\/?page_id=15"},"modified":"2026-02-26T17:39:53","modified_gmt":"2026-02-26T17:39:53","slug":"uber-mich","status":"publish","type":"page","link":"https:\/\/www.ingrid-gorr.de\/?page_id=15","title":{"rendered":"\u00fcber mich"},"content":{"rendered":"\n<p><\/p>\n\n\n\n<p>In S\u00fcddeutschland aufgewachsen, lebe und arbeite ich seit 1973 in Berlin. <\/p>\n\n\n\n<p>Meine Schwerpunkte :<\/p>\n\n\n\n<p>Text: Gedichte, Kurzgeschichten, Gartensachb\u00fccher, Publikationen ab 1999<\/p>\n\n\n\n<p>Fotografie: Makro-Fotografie und abstrakte Fotografie, Regelm\u00e4\u00dfige Einzel- und Gruppenausstellungen ab 2008. <\/p>\n\n\n\n<p>Garten :Langj\u00e4hrige Erfahrung, speziell mit Stauden, im Hausgarten. Vortr\u00e4ge auf IGA und Buga. Gartenberatung f\u00fcr Hausg\u00e4rten<\/p>\n\n\n\n<p><\/p>\n\n\n\n<p>Mitglied der NKI \u2013 Neue Kunstiniative in Marzahn-Hellersdorf<\/p>\n\n\n\n<p>Mitglied der GdS, Gesellschaft der Staudenfreunde e.V.<\/p>\n\n\n\n<p>\u00dcber 20 Jahre Mitglied des Vorstandes im Verein der Freunde des Botanischen Gartens und des Botanischen Museums Berlin<\/p>\n\n\n\n<p><\/p>\n\n\n\n<p><\/p>\n\n\n\n<p><\/p>\n\n\n\n<p><\/p>\n","protected":false},"excerpt":{"rendered":"<p>In S\u00fcddeutschland aufgewachsen, lebe und arbeite ich seit 1973 in Berlin. Meine Schwerpunkte : Text: Gedichte, Kurzgeschichten, Gartensachb\u00fccher, Publikationen ab 1999 Fotografie: Makro-Fotografie und abstrakte Fotografie, Regelm\u00e4\u00dfige Einzel- und Gruppenausstellungen ab 2008. Garten :Langj\u00e4hrige Erfahrung, speziell mit Stauden, im Hausgarten. Vortr\u00e4ge auf IGA und Buga. Gartenberatung f\u00fcr Hausg\u00e4rten Mitglied der NKI \u2013 Neue Kunstiniative in [&hellip;]<\/p>\n","protected":false},"author":1,"featured_media":0,"parent":0,"menu_order":0,"comment_status":"closed","ping_status":"closed","template":"","meta":{"footnotes":""},"class_list":["post-15","page","type-page","status-publish","hentry"],"_links":{"self":[{"href":"https:\/\/www.ingrid-gorr.de\/index.php?rest_route=\/wp\/v2\/pages\/15","targetHints":{"allow":["GET"]}}],"collection":[{"href":"https:\/\/www.ingrid-gorr.de\/index.php?rest_route=\/wp\/v2\/pages"}],"about":[{"href":"https:\/\/www.ingrid-gorr.de\/index.php?rest_route=\/wp\/v2\/types\/page"}],"author":[{"embeddable":true,"href":"https:\/\/www.ingrid-gorr.de\/index.php?rest_route=\/wp\/v2\/users\/1"}],"replies":[{"embeddable":true,"href":"https:\/\/www.ingrid-gorr.de\/index.php?rest_route=%2Fwp%2Fv2%2Fcomments&post=15"}],"version-history":[{"count":5,"href":"https:\/\/www.ingrid-gorr.de\/index.php?rest_route=\/wp\/v2\/pages\/15\/revisions"}],"predecessor-version":[{"id":62,"href":"https:\/\/www.ingrid-gorr.de\/index.php?rest_route=\/wp\/v2\/pages\/15\/revisions\/62"}],"wp:attachment":[{"href":"https:\/\/www.ingrid-gorr.de\/index.php?rest_route=%2Fwp%2Fv2%2Fmedia&parent=15"}],"curies":[{"name":"wp","href":"https:\/\/api.w.org\/{rel}","templated":true}]}}